{"id":28,"date":"2025-05-14T23:25:48","date_gmt":"2025-05-14T23:25:48","guid":{"rendered":"https:\/\/luireed.com\/?page_id=28"},"modified":"2025-06-17T19:25:37","modified_gmt":"2025-06-17T19:25:37","slug":"seminarios","status":"publish","type":"page","link":"https:\/\/luireed.com\/?page_id=28","title":{"rendered":"Seminarios y talleres"},"content":{"rendered":"\n<p>Seminarios y talleres en el marco de jornadas de trabajo en campo.&nbsp;<\/p>\n\n\n\n<p>En esta p\u00e1gina se pueden revisar tanto las sesiones del Seminario de Educaci\u00f3n Intercultural Biling\u00fce, a cargo del programa CIEIB, como talleres y c\u00e1psulas de formaci\u00f3n docente.<\/p>\n\n\n<ul class=\"wp-block-latest-posts__list wp-block-latest-posts\"><li><a class=\"wp-block-latest-posts__post-title\" href=\"https:\/\/luireed.com\/?p=115\">Seminario EIB. Sesi\u00f3n 1: Mtra. Sue Meneses Eternod<\/a><\/li>\n<\/ul>\n\n\n<p><\/p>\n","protected":false},"excerpt":{"rendered":"<p>Seminarios y talleres en el marco de jornadas de trabajo en campo.&nbsp; En esta p\u00e1gina se pueden revisar tanto las sesiones del Seminario de Educaci\u00f3n Intercultural Biling\u00fce, a cargo del programa CIEIB, como talleres y c\u00e1psulas de formaci\u00f3n docente.<\/p>\n","protected":false},"author":1,"featured_media":0,"parent":0,"menu_order":6,"comment_status":"closed","ping_status":"closed","template":"","meta":{"footnotes":""},"class_list":["post-28","page","type-page","status-publish","hentry"],"_links":{"self":[{"href":"https:\/\/luireed.com\/index.php?rest_route=\/wp\/v2\/pages\/28","targetHints":{"allow":["GET"]}}],"collection":[{"href":"https:\/\/luireed.com\/index.php?rest_route=\/wp\/v2\/pages"}],"about":[{"href":"https:\/\/luireed.com\/index.php?rest_route=\/wp\/v2\/types\/page"}],"author":[{"embeddable":true,"href":"https:\/\/luireed.com\/index.php?rest_route=\/wp\/v2\/users\/1"}],"replies":[{"embeddable":true,"href":"https:\/\/luireed.com\/index.php?rest_route=%2Fwp%2Fv2%2Fcomments&post=28"}],"version-history":[{"count":5,"href":"https:\/\/luireed.com\/index.php?rest_route=\/wp\/v2\/pages\/28\/revisions"}],"predecessor-version":[{"id":117,"href":"https:\/\/luireed.com\/index.php?rest_route=\/wp\/v2\/pages\/28\/revisions\/117"}],"wp:attachment":[{"href":"https:\/\/luireed.com\/index.php?rest_route=%2Fwp%2Fv2%2Fmedia&parent=28"}],"curies":[{"name":"wp","href":"https:\/\/api.w.org\/{rel}","templated":true}]}}