{"id":2,"date":"2025-05-13T00:57:31","date_gmt":"2025-05-13T00:57:31","guid":{"rendered":"https:\/\/luireed.com\/?page_id=2"},"modified":"2025-06-18T17:35:30","modified_gmt":"2025-06-18T17:35:30","slug":"proyecto-intercultural-multilingue","status":"publish","type":"page","link":"https:\/\/luireed.com\/","title":{"rendered":"Qu\u00e9 es T&#8217;arhexperakua"},"content":{"rendered":"\n<p>T\u2019arhexperakua &#8211; Creciendo Juntos\u201d es un proyecto escolar autogestivo de las escuelas primarias interculturales biling\u00fces \u201cMiguel Hidalgo\u201d (San Isidro de Los Reyes) y \u201cLic. Benito Ju\u00e1rez\u201d (Uringuitiro) en la meseta p\u2019urhepecha michoacana y que, desde 1995, pone en el centro la lengua y cultura propia.&nbsp;<\/p>\n\n\n\n<p>En conjunto con el programa interdisciplinario Comunidad Ind\u00edgena &#8211; Educaci\u00f3n Intercultural Biling\u00fce (CIEIB) de la UAM Iztapalapa, hemos desarrollado diferentes instrumentos educativos que atraviesan la alfabetizaci\u00f3n, la planeaci\u00f3n docente, el dise\u00f1o de contenidos y evaluaci\u00f3n a partir del trabajo en el aula, para la transferencia y aplicaci\u00f3n de habilidades y conocimientos en dos lenguas: p\u2019urhepecha y espa\u00f1ol.<\/p>\n\n\n\n<p>Supone una iniciativa pionera en M\u00e9xico de creaci\u00f3n curricular, basada en las necesidades de la comunidad y el trabajo en el aula, as\u00ed como un notable trabajo de colaboraci\u00f3n entre docentes e investigadores por m\u00e1s de 20 a\u00f1os.<\/p>\n\n\n\n<p><\/p>\n","protected":false},"excerpt":{"rendered":"<p>T\u2019arhexperakua &#8211; Creciendo Juntos\u201d es un proyecto escolar autogestivo de las escuelas primarias interculturales biling\u00fces \u201cMiguel Hidalgo\u201d (San Isidro de Los Reyes) y \u201cLic. Benito Ju\u00e1rez\u201d (Uringuitiro) en la meseta p\u2019urhepecha michoacana y que, desde 1995, pone en el centro la lengua y cultura propia.&nbsp; En conjunto con el programa interdisciplinario Comunidad Ind\u00edgena &#8211; Educaci\u00f3n &hellip; <\/p>\n<p class=\"link-more\"><a href=\"https:\/\/luireed.com\/\" class=\"more-link\">Continuar leyendo<span class=\"screen-reader-text\"> \u00abQu\u00e9 es T&#8217;arhexperakua\u00bb<\/span><\/a><\/p>\n","protected":false},"author":1,"featured_media":0,"parent":0,"menu_order":0,"comment_status":"closed","ping_status":"closed","template":"","meta":{"footnotes":""},"class_list":["post-2","page","type-page","status-publish","hentry"],"_links":{"self":[{"href":"https:\/\/luireed.com\/index.php?rest_route=\/wp\/v2\/pages\/2","targetHints":{"allow":["GET"]}}],"collection":[{"href":"https:\/\/luireed.com\/index.php?rest_route=\/wp\/v2\/pages"}],"about":[{"href":"https:\/\/luireed.com\/index.php?rest_route=\/wp\/v2\/types\/page"}],"author":[{"embeddable":true,"href":"https:\/\/luireed.com\/index.php?rest_route=\/wp\/v2\/users\/1"}],"replies":[{"embeddable":true,"href":"https:\/\/luireed.com\/index.php?rest_route=%2Fwp%2Fv2%2Fcomments&post=2"}],"version-history":[{"count":7,"href":"https:\/\/luireed.com\/index.php?rest_route=\/wp\/v2\/pages\/2\/revisions"}],"predecessor-version":[{"id":138,"href":"https:\/\/luireed.com\/index.php?rest_route=\/wp\/v2\/pages\/2\/revisions\/138"}],"wp:attachment":[{"href":"https:\/\/luireed.com\/index.php?rest_route=%2Fwp%2Fv2%2Fmedia&parent=2"}],"curies":[{"name":"wp","href":"https:\/\/api.w.org\/{rel}","templated":true}]}}