{"id":17,"date":"2025-05-14T23:14:25","date_gmt":"2025-05-14T23:14:25","guid":{"rendered":"https:\/\/luireed.com\/?page_id=17"},"modified":"2025-06-17T17:23:30","modified_gmt":"2025-06-17T17:23:30","slug":"material-academico","status":"publish","type":"page","link":"https:\/\/luireed.com\/?page_id=17","title":{"rendered":"Material acad\u00e9mico"},"content":{"rendered":"\n<p>La investigaci\u00f3n y colaboraci\u00f3n entre las escuelas y el programa CIEIB han dado como resultado diferentes productos que contribuyen al constante desarrollo curricular, as\u00ed como a la documentaci\u00f3n de nuestra historia. En esta p\u00e1gina se puede encontrar el material acad\u00e9mico al respecto como tesis y art\u00edculos.<\/p>\n\n\n\n<h2 class=\"wp-block-heading\">Tesis<\/h2>\n\n\n\n<ul class=\"wp-block-list\">\n<li><a href=\"https:\/\/www.researchgate.net\/publication\/343084748_Ensenanza_y_aprendizaje_intercultural_y_bilingue_en_el_proyecto_T'arhexperakua_trayectos_del_curriculo_al_aula_Tesis_de_Doctorado\" data-type=\"link\" data-id=\"https:\/\/azcuammx-my.sharepoint.com\/:b:\/g\/personal\/laaa_azc_uam_mx\/EfGnLJVxXfVAnMCG3TYU5m8BvbgtyM4KdY902CN9IeEagQ?e=IjZgIA\" target=\"_blank\" rel=\"noreferrer noopener\">Ense\u00f1anza y aprendizaje intercultural y biling\u00fce en el proyecto T&#8217;arhexperakua: trayectos del curr\u00edculo al aula. (Tesis de Doctorado)<\/a><\/li>\n<\/ul>\n\n\n\n<h2 class=\"wp-block-heading\">Art\u00edculos<\/h2>\n\n\n<ul class=\"wp-block-latest-posts__list wp-block-latest-posts\"><li><a class=\"wp-block-latest-posts__post-title\" href=\"https:\/\/luireed.com\/?p=70\">\u00bfQu\u00e9 hacemos con la castilla? La ense\u00f1anza del espa\u00f1ol como segunda lengua en un curr\u00edculo intercultural biling\u00fce de educaci\u00f3n ind\u00edgena. 2004<\/a><\/li>\n<\/ul>","protected":false},"excerpt":{"rendered":"<p>La investigaci\u00f3n y colaboraci\u00f3n entre las escuelas y el programa CIEIB han dado como resultado diferentes productos que contribuyen al constante desarrollo curricular, as\u00ed como a la documentaci\u00f3n de nuestra historia. En esta p\u00e1gina se puede encontrar el material acad\u00e9mico al respecto como tesis y art\u00edculos. Tesis Art\u00edculos<\/p>\n","protected":false},"author":1,"featured_media":0,"parent":0,"menu_order":1,"comment_status":"closed","ping_status":"closed","template":"","meta":{"footnotes":""},"class_list":["post-17","page","type-page","status-publish","hentry"],"_links":{"self":[{"href":"https:\/\/luireed.com\/index.php?rest_route=\/wp\/v2\/pages\/17","targetHints":{"allow":["GET"]}}],"collection":[{"href":"https:\/\/luireed.com\/index.php?rest_route=\/wp\/v2\/pages"}],"about":[{"href":"https:\/\/luireed.com\/index.php?rest_route=\/wp\/v2\/types\/page"}],"author":[{"embeddable":true,"href":"https:\/\/luireed.com\/index.php?rest_route=\/wp\/v2\/users\/1"}],"replies":[{"embeddable":true,"href":"https:\/\/luireed.com\/index.php?rest_route=%2Fwp%2Fv2%2Fcomments&post=17"}],"version-history":[{"count":13,"href":"https:\/\/luireed.com\/index.php?rest_route=\/wp\/v2\/pages\/17\/revisions"}],"predecessor-version":[{"id":96,"href":"https:\/\/luireed.com\/index.php?rest_route=\/wp\/v2\/pages\/17\/revisions\/96"}],"wp:attachment":[{"href":"https:\/\/luireed.com\/index.php?rest_route=%2Fwp%2Fv2%2Fmedia&parent=17"}],"curies":[{"name":"wp","href":"https:\/\/api.w.org\/{rel}","templated":true}]}}